{"id":883,"date":"2022-06-28T11:55:28","date_gmt":"2022-06-28T14:55:28","guid":{"rendered":"https:\/\/pequenoprincipe.org.br\/relatorioweb2021\/?page_id=883"},"modified":"2022-09-01T10:47:41","modified_gmt":"2022-09-01T13:47:41","slug":"mensagem-da-presidencia","status":"publish","type":"page","link":"https:\/\/pequenoprincipe.org.br\/relatorioweb2021\/mensagem-da-presidencia\/","title":{"rendered":"Mensagem da presidente"},"content":{"rendered":"\t\t<div data-elementor-type=\"wp-page\" data-elementor-id=\"883\" class=\"elementor elementor-883\">\n\t\t\t\t\t\t\t\t\t<section class=\"elementor-section elementor-top-section elementor-element elementor-element-d9a37c6 elementor-section-boxed elementor-section-height-default elementor-section-height-default\" data-id=\"d9a37c6\" data-element_type=\"section\" data-settings=\"{&quot;background_background&quot;:&quot;classic&quot;}\">\n\t\t\t\t\t\t<div class=\"elementor-container elementor-column-gap-default\">\n\t\t\t\t\t<div class=\"elementor-column elementor-col-100 elementor-top-column elementor-element elementor-element-b446cc6\" data-id=\"b446cc6\" data-element_type=\"column\">\n\t\t\t<div class=\"elementor-widget-wrap elementor-element-populated\">\n\t\t\t\t\t\t\t\t<div class=\"elementor-element elementor-element-3533a80 elementor-widget-mobile__width-initial e-transform elementor-invisible elementor-widget elementor-widget-image\" data-id=\"3533a80\" data-element_type=\"widget\" data-settings=\"{&quot;_transform_translateY_effect&quot;:{&quot;unit&quot;:&quot;px&quot;,&quot;size&quot;:34,&quot;sizes&quot;:[]},&quot;_animation&quot;:&quot;fadeIn&quot;,&quot;_transform_translateX_effect&quot;:{&quot;unit&quot;:&quot;px&quot;,&quot;size&quot;:-186,&quot;sizes&quot;:[]},&quot;_transform_translateX_effect_mobile&quot;:{&quot;unit&quot;:&quot;px&quot;,&quot;size&quot;:114,&quot;sizes&quot;:[]},&quot;_transform_translateY_effect_mobile&quot;:{&quot;unit&quot;:&quot;px&quot;,&quot;size&quot;:32,&quot;sizes&quot;:[]},&quot;_transform_translateX_effect_tablet&quot;:{&quot;unit&quot;:&quot;px&quot;,&quot;size&quot;:-34,&quot;sizes&quot;:[]},&quot;_transform_translateY_effect_tablet&quot;:{&quot;unit&quot;:&quot;px&quot;,&quot;size&quot;:&quot;&quot;,&quot;sizes&quot;:[]}}\" data-widget_type=\"image.default\">\n\t\t\t\t<div class=\"elementor-widget-container\">\n\t\t\t<style>\/*! elementor - v3.7.0 - 08-08-2022 *\/\n.elementor-widget-image{text-align:center}.elementor-widget-image a{display:inline-block}.elementor-widget-image a img[src$=\".svg\"]{width:48px}.elementor-widget-image img{vertical-align:middle;display:inline-block}<\/style>\t\t\t\t\t\t\t\t\t\t\t\t<img src=\"https:\/\/pequenoprincipe.org.br\/relatorioweb2021\/wp-content\/uploads\/elementor\/thumbs\/ilustra_msg_presdnt-pqz7ydlkxakk6qd19pnhqffyj9wvtd1vte8c6ejrmk.png\" title=\"ilustra_msg_presdnt\" alt=\"ilustra_msg_presdnt\" \/>\t\t\t\t\t\t\t\t\t\t\t\t\t\t\t<\/div>\n\t\t\t\t<\/div>\n\t\t\t\t<div class=\"elementor-element elementor-element-22f01e9 elementor-widget__width-initial elementor-absolute elementor-invisible elementor-widget elementor-widget-image\" data-id=\"22f01e9\" data-element_type=\"widget\" data-settings=\"{&quot;_position&quot;:&quot;absolute&quot;,&quot;_animation&quot;:&quot;fadeInUp&quot;}\" data-widget_type=\"image.default\">\n\t\t\t\t<div class=\"elementor-widget-container\">\n\t\t\t\t\t\t\t\t\t\t\t\t\t\t\t<img width=\"600\" height=\"766\" src=\"https:\/\/pequenoprincipe.org.br\/relatorioweb2021\/wp-content\/uploads\/2022\/06\/msg_presdnt_foto_abertura.png\" class=\"attachment-full size-full\" alt=\"\" loading=\"lazy\" srcset=\"https:\/\/pequenoprincipe.org.br\/relatorioweb2021\/wp-content\/uploads\/2022\/06\/msg_presdnt_foto_abertura.png 600w, https:\/\/pequenoprincipe.org.br\/relatorioweb2021\/wp-content\/uploads\/2022\/06\/msg_presdnt_foto_abertura-235x300.png 235w\" sizes=\"(max-width: 600px) 100vw, 600px\" \/>\t\t\t\t\t\t\t\t\t\t\t\t\t\t\t<\/div>\n\t\t\t\t<\/div>\n\t\t\t\t\t<\/div>\n\t\t<\/div>\n\t\t\t\t\t\t\t<\/div>\n\t\t<\/section>\n\t\t\t\t<section class=\"elementor-section elementor-top-section elementor-element elementor-element-061cce9 elementor-section-boxed elementor-section-height-default elementor-section-height-default\" data-id=\"061cce9\" data-element_type=\"section\" data-settings=\"{&quot;background_background&quot;:&quot;gradient&quot;}\">\n\t\t\t\t\t\t<div class=\"elementor-container elementor-column-gap-default\">\n\t\t\t\t\t<div class=\"elementor-column elementor-col-50 elementor-top-column elementor-element elementor-element-9bd71ec\" data-id=\"9bd71ec\" data-element_type=\"column\" data-settings=\"{&quot;background_background&quot;:&quot;classic&quot;}\">\n\t\t\t<div class=\"elementor-widget-wrap elementor-element-populated\">\n\t\t\t\t\t\t\t\t<div class=\"elementor-element elementor-element-703c57b elementor-widget elementor-widget-spacer\" data-id=\"703c57b\" data-element_type=\"widget\" data-widget_type=\"spacer.default\">\n\t\t\t\t<div class=\"elementor-widget-container\">\n\t\t\t<style>\/*! elementor - v3.7.0 - 08-08-2022 *\/\n.elementor-column .elementor-spacer-inner{height:var(--spacer-size)}.e-container{--container-widget-width:100%}.e-container>.elementor-widget-spacer{width:var(--container-widget-width,var(--spacer-size));-ms-flex-item-align:stretch;align-self:stretch;-ms-flex-negative:0;flex-shrink:0}.e-container>.elementor-widget-spacer>.elementor-widget-container,.e-container>.elementor-widget-spacer>.elementor-widget-container>.elementor-spacer{height:100%}.e-container>.elementor-widget-spacer>.elementor-widget-container>.elementor-spacer>.elementor-spacer-inner{height:var(--container-widget-height,var(--spacer-size))}<\/style>\t\t<div class=\"elementor-spacer\">\n\t\t\t<div class=\"elementor-spacer-inner\"><\/div>\n\t\t<\/div>\n\t\t\t\t<\/div>\n\t\t\t\t<\/div>\n\t\t\t\t<div class=\"elementor-element elementor-element-8a8e2f7 elementor-widget__width-initial elementor-absolute elementor-widget elementor-widget-text-editor\" data-id=\"8a8e2f7\" data-element_type=\"widget\" data-settings=\"{&quot;_position&quot;:&quot;absolute&quot;}\" data-widget_type=\"text-editor.default\">\n\t\t\t\t<div class=\"elementor-widget-container\">\n\t\t\t<style>\/*! elementor - v3.7.0 - 08-08-2022 *\/\n.elementor-widget-text-editor.elementor-drop-cap-view-stacked .elementor-drop-cap{background-color:#818a91;color:#fff}.elementor-widget-text-editor.elementor-drop-cap-view-framed .elementor-drop-cap{color:#818a91;border:3px solid;background-color:transparent}.elementor-widget-text-editor:not(.elementor-drop-cap-view-default) .elementor-drop-cap{margin-top:8px}.elementor-widget-text-editor:not(.elementor-drop-cap-view-default) .elementor-drop-cap-letter{width:1em;height:1em}.elementor-widget-text-editor .elementor-drop-cap{float:left;text-align:center;line-height:1;font-size:50px}.elementor-widget-text-editor .elementor-drop-cap-letter{display:inline-block}<\/style>\t\t\t\t<div class=\"box-abertura\"><h1>\u201cViva o jogo\u00a0<br \/>\u00a0 da vida.\u201d<\/h1><div style=\"line-height: 18px;\">Ety da Concei\u00e7\u00e3o Gon\u00e7alves Forte,<br \/>presidente da Associa\u00e7\u00e3o Hospitalar<br \/>de Prote\u00e7\u00e3o \u00e0 Inf\u00e2ncia Dr. Raul Carneiro<\/div><\/div>\t\t\t\t\t\t<\/div>\n\t\t\t\t<\/div>\n\t\t\t\t\t<\/div>\n\t\t<\/div>\n\t\t\t\t<div class=\"elementor-column elementor-col-50 elementor-top-column elementor-element elementor-element-bcebee0 elementor-hidden-mobile\" data-id=\"bcebee0\" data-element_type=\"column\" data-settings=\"{&quot;background_background&quot;:&quot;classic&quot;}\">\n\t\t\t<div class=\"elementor-widget-wrap\">\n\t\t\t\t\t\t\t\t\t<\/div>\n\t\t<\/div>\n\t\t\t\t\t\t\t<\/div>\n\t\t<\/section>\n\t\t\t\t<section class=\"elementor-section elementor-top-section elementor-element elementor-element-9ce00d3 elementor-section-boxed elementor-section-height-default elementor-section-height-default\" data-id=\"9ce00d3\" data-element_type=\"section\" data-settings=\"{&quot;background_background&quot;:&quot;gradient&quot;}\">\n\t\t\t\t\t\t<div class=\"elementor-container elementor-column-gap-default\">\n\t\t\t\t\t<div class=\"elementor-column elementor-col-50 elementor-top-column elementor-element elementor-element-3dbd19b\" data-id=\"3dbd19b\" data-element_type=\"column\" data-settings=\"{&quot;background_background&quot;:&quot;classic&quot;}\">\n\t\t\t<div class=\"elementor-widget-wrap elementor-element-populated\">\n\t\t\t\t\t\t\t\t<div class=\"elementor-element elementor-element-99a219c elementor-widget elementor-widget-text-editor\" data-id=\"99a219c\" data-element_type=\"widget\" data-widget_type=\"text-editor.default\">\n\t\t\t\t<div class=\"elementor-widget-container\">\n\t\t\t\t\t\t\t<p>Em 2021, tivemos o segundo tempo e a prorroga\u00e7\u00e3o da pandemia. Assim como em todo jogo, buscamos redobrar as energias, respiramos fundo e corremos muito, sendo que \u00e0s vezes em c\u00e2mara lenta em fun\u00e7\u00e3o do cansa\u00e7o. Parecia que tudo estaria resolvido. Ledo engano, tinha muito mais! S\u00f3 n\u00e3o sab\u00edamos, nem n\u00f3s, nem os pacientes, nem as fam\u00edlias, nem o mundo todo, que conviver\u00edamos por mais um ano com as dores da pandemia.<\/p><p>Nesse campeonato com prorroga\u00e7\u00e3o, <strong>os jogadores<\/strong>, aqui representados pelos nossos profissionais, dividiram-se em linha de frente e de retaguarda. A <strong>valiosa torcida<\/strong>, aqui representada pelos investidores e parceiros, continua apoiando-nos. E os <strong>verdadeiros vencedores<\/strong> do jogo, aqui representados pelos nossos pacientes e suas fam\u00edlias, foram atendidos em grande n\u00famero com a mesma qualidade de sempre. O resultado final marcou no placar a alegria de todos, pois foram muitos gols pela cura e tantas vidas salvas.<\/p><p>Neste segundo ano de enfrentamento \u00e0 pandemia, fomos provocados a muitas reflex\u00f5es. O principal aprendizado foi a reafirma\u00e7\u00e3o e comprova\u00e7\u00e3o enf\u00e1tica de que as pessoas s\u00e3o o maior valor da nossa institui\u00e7\u00e3o. Numa organiza\u00e7\u00e3o de presta\u00e7\u00e3o de servi\u00e7os, o capital humano \u00e9 a sua maior for\u00e7a. N\u00e3o a for\u00e7a da m\u00e3o de obra, mas a for\u00e7a motriz que faz tudo girar, funcionar e dar certo!<\/p><p>Em outras palavras, quem sustentou a rotina do Hospital, quem trouxe resultados assistenciais e de sustentabilidade, quem doou seu conhecimento e afeto para cuidar, curar ou docemente consolar, foram os <strong>nossos profissionais<\/strong>. Eles s\u00e3o como luzes que trabalham iluminando os caminhos, diminuindo as dores, produzindo as alegrias e acalentando perdas ou despedidas.<\/p><p>Com v\u00ednculo afetivo andando de m\u00e3os dadas ao conhecimento t\u00e9cnico, eles agem feito anjos sabidos e ocupam o lugar de presentes amigos.<\/p><p>Essa confirma\u00e7\u00e3o veio de forma muita clara e transparente. O Hospital \u00e9 a sua gente! Nosso Hospital \u00e9 a nossa gente! O Complexo Pequeno Pr\u00edncipe somos n\u00f3s!<\/p><p>Nunca foram t\u00e3o importantes a coopera\u00e7\u00e3o, a atua\u00e7\u00e3o multiprofissional e a intera\u00e7\u00e3o entre os setores. Todos irmanados no mesmo prop\u00f3sito e ajudando sem medir esfor\u00e7os.<\/p><p>Essa foi a grande oportunidade trazida pelas dificuldades desse contexto. Sem d\u00favida, foi muito bem aproveitada. Sabemos cognitivamente e afetivamente que juntos somos mais fortes.<\/p><p>Cumprindo a fun\u00e7\u00e3o social para al\u00e9m dos muros do Hospital, chegamos at\u00e9 as comunidades, refor\u00e7ando as abordagens cient\u00edficas e comprovadas do cuidado respons\u00e1vel com a medicina, principalmente com a pediatria. Nesse jogo dif\u00edcil de enfrentamento \u00e0 pandemia, o Pequeno Pr\u00edncipe foi um importante agente de dissemina\u00e7\u00e3o da informa\u00e7\u00e3o, esclarecimento e mobiliza\u00e7\u00e3o dos pais e cuidadores. Foram muitos v\u00eddeos, postagens, mat\u00e9rias, entrevistas, palestras e tantas estrat\u00e9gias para estimular a pr\u00e1tica de cuidados, evitando a transmiss\u00e3o do coronav\u00edrus e a import\u00e2ncia da vacina\u00e7\u00e3o para os nossos pequeninos humanos, tamb\u00e9m sujeitos de direitos e de prote\u00e7\u00e3o. Buscamos alcan\u00e7ar a fam\u00edlia ampliada das cidades e dos estados e, com responsabilidade social, chegamos at\u00e9 as casas, aos computadores e aos celulares com nossa mensagem de valoriza\u00e7\u00e3o da vida.<\/p><p>N\u00e3o poderia faltar nesse campeonato que amamos jogar <strong>o elemento essencial, que foi a nossa torcida<\/strong>. Ela manteve-se atenta, presente e participativa. Nada seria poss\u00edvel se a comunidade n\u00e3o estivesse ao nosso lado, fazendo doa\u00e7\u00f5es, investimentos, manifesta\u00e7\u00f5es de apoio e respeito nas redes sociais. Enfim, mobilizando recursos, doando seu tempo e talento para que a nossa miss\u00e3o pudesse ser cumprida em sua plenitude. Mesmo num contexto de restri\u00e7\u00f5es econ\u00f4micas decorrentes da pandemia, as empresas e os cidad\u00e3os continuaram a nos apoiar de maneira decisiva. A todos eles, nossa imensa gratid\u00e3o.<\/p><p>A chave de ouro dessa partida foi tamb\u00e9m o reconhecimento p\u00fablico do valor da nossa institui\u00e7\u00e3o pelos diversos setores da sociedade. A causa da sa\u00fade de crian\u00e7as e adolescentes ganha mais ades\u00f5es a cada dia, numa espiral virtuosa que nos ajuda a entregar ensino, pesquisa e sa\u00fade com qualidade e justi\u00e7a social a todos que nos procuram.<\/p><p>Por fim <strong>uma palavra \u00e0s nossas crian\u00e7as<\/strong>, bravos guerreiros e bravas guerreiras pela vida. Recebam nossa admira\u00e7\u00e3o, respeito e orgulho de v\u00ea-los vencedores nesse desafio pela sa\u00fade e pela vida que travamos juntos aqui no Hospital Pequeno Pr\u00edncipe.<\/p><p>Que em 2022 o mundo possa dar uma virada nesse jogo, j\u00e1 com uma boa parte da batalha ganha!<\/p><p>A todos os campe\u00f5es e campe\u00e3s: contamos com voc\u00eas, contem com a gente tamb\u00e9m!<\/p><h3>Ety da Concei\u00e7\u00e3o Gon\u00e7alves Forte<\/h3><p>Presidente da Associa\u00e7\u00e3o Hospitalar de Prote\u00e7\u00e3o \u00e0 Inf\u00e2ncia Dr. Raul Carneiro<\/p>\t\t\t\t\t\t<\/div>\n\t\t\t\t<\/div>\n\t\t\t\t\t<\/div>\n\t\t<\/div>\n\t\t\t\t<div class=\"elementor-column elementor-col-50 elementor-top-column elementor-element elementor-element-e97f746\" data-id=\"e97f746\" data-element_type=\"column\" data-settings=\"{&quot;background_background&quot;:&quot;classic&quot;}\">\n\t\t\t<div class=\"elementor-widget-wrap elementor-element-populated\">\n\t\t\t\t\t\t\t\t<div class=\"elementor-element elementor-element-d79c255 elementor-invisible elementor-widget elementor-widget-image\" data-id=\"d79c255\" data-element_type=\"widget\" data-settings=\"{&quot;_animation&quot;:&quot;fadeInLeft&quot;}\" data-widget_type=\"image.default\">\n\t\t\t\t<div class=\"elementor-widget-container\">\n\t\t\t\t\t\t\t\t\t\t\t\t\t\t\t<img width=\"800\" height=\"534\" src=\"https:\/\/pequenoprincipe.org.br\/relatorioweb2021\/wp-content\/uploads\/2022\/07\/Mensagem_da_presidente-2-1024x683.jpeg\" class=\"attachment-large size-large\" alt=\"\" loading=\"lazy\" srcset=\"https:\/\/pequenoprincipe.org.br\/relatorioweb2021\/wp-content\/uploads\/2022\/07\/Mensagem_da_presidente-2-1024x683.jpeg 1024w, https:\/\/pequenoprincipe.org.br\/relatorioweb2021\/wp-content\/uploads\/2022\/07\/Mensagem_da_presidente-2-300x200.jpeg 300w, https:\/\/pequenoprincipe.org.br\/relatorioweb2021\/wp-content\/uploads\/2022\/07\/Mensagem_da_presidente-2-768x512.jpeg 768w, https:\/\/pequenoprincipe.org.br\/relatorioweb2021\/wp-content\/uploads\/2022\/07\/Mensagem_da_presidente-2-1536x1025.jpeg 1536w, https:\/\/pequenoprincipe.org.br\/relatorioweb2021\/wp-content\/uploads\/2022\/07\/Mensagem_da_presidente-2.jpeg 2000w\" sizes=\"(max-width: 800px) 100vw, 800px\" \/>\t\t\t\t\t\t\t\t\t\t\t\t\t\t\t<\/div>\n\t\t\t\t<\/div>\n\t\t\t\t<div class=\"elementor-element elementor-element-d153992 elementor-invisible elementor-widget elementor-widget-text-editor\" data-id=\"d153992\" data-element_type=\"widget\" data-settings=\"{&quot;_animation&quot;:&quot;fadeInLeft&quot;}\" data-widget_type=\"text-editor.default\">\n\t\t\t\t<div class=\"elementor-widget-container\">\n\t\t\t\t\t\t\t<p>Neste segundo ano de enfrentamento \u00e0 pandemia, fomos provocados a muitas reflex\u00f5es. O principal aprendizado foi a reafirma\u00e7\u00e3o e comprova\u00e7\u00e3o enf\u00e1tica de que as pessoas s\u00e3o o maior valor da nossa institui\u00e7\u00e3o.<\/p>\t\t\t\t\t\t<\/div>\n\t\t\t\t<\/div>\n\t\t\t\t<div class=\"elementor-element elementor-element-6ca776d elementor-invisible elementor-widget elementor-widget-image\" data-id=\"6ca776d\" data-element_type=\"widget\" data-settings=\"{&quot;_animation&quot;:&quot;fadeInLeft&quot;}\" data-widget_type=\"image.default\">\n\t\t\t\t<div class=\"elementor-widget-container\">\n\t\t\t\t\t\t\t\t\t\t\t\t\t\t\t<img width=\"800\" height=\"531\" src=\"https:\/\/pequenoprincipe.org.br\/relatorioweb2021\/wp-content\/uploads\/2022\/07\/Mensagem_da_presidente-1024x680.jpeg\" class=\"attachment-large size-large\" alt=\"\" loading=\"lazy\" srcset=\"https:\/\/pequenoprincipe.org.br\/relatorioweb2021\/wp-content\/uploads\/2022\/07\/Mensagem_da_presidente-1024x680.jpeg 1024w, https:\/\/pequenoprincipe.org.br\/relatorioweb2021\/wp-content\/uploads\/2022\/07\/Mensagem_da_presidente-300x199.jpeg 300w, https:\/\/pequenoprincipe.org.br\/relatorioweb2021\/wp-content\/uploads\/2022\/07\/Mensagem_da_presidente-768x510.jpeg 768w, https:\/\/pequenoprincipe.org.br\/relatorioweb2021\/wp-content\/uploads\/2022\/07\/Mensagem_da_presidente-1536x1020.jpeg 1536w, https:\/\/pequenoprincipe.org.br\/relatorioweb2021\/wp-content\/uploads\/2022\/07\/Mensagem_da_presidente.jpeg 2000w\" sizes=\"(max-width: 800px) 100vw, 800px\" \/>\t\t\t\t\t\t\t\t\t\t\t\t\t\t\t<\/div>\n\t\t\t\t<\/div>\n\t\t\t\t<div class=\"elementor-element elementor-element-85dbf47 elementor-invisible elementor-widget elementor-widget-image\" data-id=\"85dbf47\" data-element_type=\"widget\" data-settings=\"{&quot;_animation&quot;:&quot;fadeInLeft&quot;}\" data-widget_type=\"image.default\">\n\t\t\t\t<div class=\"elementor-widget-container\">\n\t\t\t\t\t\t\t\t\t\t\t\t\t\t\t<img width=\"800\" height=\"534\" src=\"https:\/\/pequenoprincipe.org.br\/relatorioweb2021\/wp-content\/uploads\/2022\/07\/Mensagem_da_presidente-3-1024x683.jpeg\" class=\"attachment-large size-large\" alt=\"\" loading=\"lazy\" srcset=\"https:\/\/pequenoprincipe.org.br\/relatorioweb2021\/wp-content\/uploads\/2022\/07\/Mensagem_da_presidente-3-1024x683.jpeg 1024w, https:\/\/pequenoprincipe.org.br\/relatorioweb2021\/wp-content\/uploads\/2022\/07\/Mensagem_da_presidente-3-300x200.jpeg 300w, https:\/\/pequenoprincipe.org.br\/relatorioweb2021\/wp-content\/uploads\/2022\/07\/Mensagem_da_presidente-3-768x512.jpeg 768w, https:\/\/pequenoprincipe.org.br\/relatorioweb2021\/wp-content\/uploads\/2022\/07\/Mensagem_da_presidente-3-1536x1025.jpeg 1536w, https:\/\/pequenoprincipe.org.br\/relatorioweb2021\/wp-content\/uploads\/2022\/07\/Mensagem_da_presidente-3.jpeg 2000w\" sizes=\"(max-width: 800px) 100vw, 800px\" \/>\t\t\t\t\t\t\t\t\t\t\t\t\t\t\t<\/div>\n\t\t\t\t<\/div>\n\t\t\t\t\t<\/div>\n\t\t<\/div>\n\t\t\t\t\t\t\t<\/div>\n\t\t<\/section>\n\t\t\t\t<section class=\"elementor-section elementor-top-section elementor-element elementor-element-10b5eaf elementor-hidden-tablet elementor-hidden-mobile elementor-section-boxed elementor-section-height-default elementor-section-height-default\" data-id=\"10b5eaf\" data-element_type=\"section\" data-settings=\"{&quot;background_background&quot;:&quot;gradient&quot;}\">\n\t\t\t\t\t\t<div class=\"elementor-container elementor-column-gap-default\">\n\t\t\t\t\t<div class=\"elementor-column elementor-col-50 elementor-top-column elementor-element elementor-element-0c60213\" data-id=\"0c60213\" data-element_type=\"column\">\n\t\t\t<div class=\"elementor-widget-wrap elementor-element-populated\">\n\t\t\t\t\t\t\t\t<div class=\"elementor-element elementor-element-493f12a elementor-widget elementor-widget-spacer\" data-id=\"493f12a\" data-element_type=\"widget\" data-widget_type=\"spacer.default\">\n\t\t\t\t<div class=\"elementor-widget-container\">\n\t\t\t\t\t<div class=\"elementor-spacer\">\n\t\t\t<div class=\"elementor-spacer-inner\"><\/div>\n\t\t<\/div>\n\t\t\t\t<\/div>\n\t\t\t\t<\/div>\n\t\t\t\t\t<\/div>\n\t\t<\/div>\n\t\t\t\t<div class=\"elementor-column elementor-col-50 elementor-top-column elementor-element elementor-element-ac8eda4\" data-id=\"ac8eda4\" data-element_type=\"column\" data-settings=\"{&quot;background_background&quot;:&quot;classic&quot;}\">\n\t\t\t<div class=\"elementor-widget-wrap\">\n\t\t\t\t\t\t\t\t\t<\/div>\n\t\t<\/div>\n\t\t\t\t\t\t\t<\/div>\n\t\t<\/section>\n\t\t\t\t\t\t\t<\/div>\n\t\t","protected":false},"excerpt":{"rendered":"<p>\u201cViva o jogo\u00a0\u00a0 da vida.\u201d Ety da Concei\u00e7\u00e3o Gon\u00e7alves Forte,presidente da Associa\u00e7\u00e3o Hospitalarde Prote\u00e7\u00e3o \u00e0 Inf\u00e2ncia Dr. Raul Carneiro Em 2021, tivemos o segundo tempo e a prorroga\u00e7\u00e3o da pandemia. Assim como em todo jogo, buscamos redobrar as energias, respiramos fundo e corremos muito, sendo que \u00e0s vezes em c\u00e2mara lenta em fun\u00e7\u00e3o do cansa\u00e7o. [&hellip;]<\/p>\n","protected":false},"author":1,"featured_media":0,"parent":0,"menu_order":0,"comment_status":"closed","ping_status":"closed","template":"","meta":[],"_links":{"self":[{"href":"https:\/\/pequenoprincipe.org.br\/relatorioweb2021\/wp-json\/wp\/v2\/pages\/883"}],"collection":[{"href":"https:\/\/pequenoprincipe.org.br\/relatorioweb2021\/wp-json\/wp\/v2\/pages"}],"about":[{"href":"https:\/\/pequenoprincipe.org.br\/relatorioweb2021\/wp-json\/wp\/v2\/types\/page"}],"author":[{"embeddable":true,"href":"https:\/\/pequenoprincipe.org.br\/relatorioweb2021\/wp-json\/wp\/v2\/users\/1"}],"replies":[{"embeddable":true,"href":"https:\/\/pequenoprincipe.org.br\/relatorioweb2021\/wp-json\/wp\/v2\/comments?post=883"}],"version-history":[{"count":138,"href":"https:\/\/pequenoprincipe.org.br\/relatorioweb2021\/wp-json\/wp\/v2\/pages\/883\/revisions"}],"predecessor-version":[{"id":4450,"href":"https:\/\/pequenoprincipe.org.br\/relatorioweb2021\/wp-json\/wp\/v2\/pages\/883\/revisions\/4450"}],"wp:attachment":[{"href":"https:\/\/pequenoprincipe.org.br\/relatorioweb2021\/wp-json\/wp\/v2\/media?parent=883"}],"curies":[{"name":"wp","href":"https:\/\/api.w.org\/{rel}","templated":true}]}}