{"id":1912,"date":"2022-07-25T15:01:08","date_gmt":"2022-07-25T18:01:08","guid":{"rendered":"https:\/\/pequenoprincipe.org.br\/relatorioweb2021\/?page_id=1912"},"modified":"2022-08-17T13:25:43","modified_gmt":"2022-08-17T16:25:43","slug":"diretoria-e-expediente","status":"publish","type":"page","link":"https:\/\/pequenoprincipe.org.br\/relatorioweb2021\/diretoria-e-expediente\/","title":{"rendered":"Diretorias e expediente"},"content":{"rendered":"\t\t<div data-elementor-type=\"wp-page\" data-elementor-id=\"1912\" class=\"elementor elementor-1912\">\n\t\t\t\t\t\t\t\t\t<section class=\"elementor-section elementor-top-section elementor-element elementor-element-d9a37c6 elementor-section-boxed elementor-section-height-default elementor-section-height-default\" data-id=\"d9a37c6\" data-element_type=\"section\" data-settings=\"{&quot;background_background&quot;:&quot;classic&quot;}\">\n\t\t\t\t\t\t<div class=\"elementor-container elementor-column-gap-default\">\n\t\t\t\t\t<div class=\"elementor-column elementor-col-100 elementor-top-column elementor-element elementor-element-b446cc6\" data-id=\"b446cc6\" data-element_type=\"column\">\n\t\t\t<div class=\"elementor-widget-wrap elementor-element-populated\">\n\t\t\t\t\t\t\t\t<div class=\"elementor-element elementor-element-5ba7842 elementor-widget elementor-widget-spacer\" data-id=\"5ba7842\" data-element_type=\"widget\" data-widget_type=\"spacer.default\">\n\t\t\t\t<div class=\"elementor-widget-container\">\n\t\t\t<style>\/*! elementor - v3.7.0 - 08-08-2022 *\/\n.elementor-column .elementor-spacer-inner{height:var(--spacer-size)}.e-container{--container-widget-width:100%}.e-container>.elementor-widget-spacer{width:var(--container-widget-width,var(--spacer-size));-ms-flex-item-align:stretch;align-self:stretch;-ms-flex-negative:0;flex-shrink:0}.e-container>.elementor-widget-spacer>.elementor-widget-container,.e-container>.elementor-widget-spacer>.elementor-widget-container>.elementor-spacer{height:100%}.e-container>.elementor-widget-spacer>.elementor-widget-container>.elementor-spacer>.elementor-spacer-inner{height:var(--container-widget-height,var(--spacer-size))}<\/style>\t\t<div class=\"elementor-spacer\">\n\t\t\t<div class=\"elementor-spacer-inner\"><\/div>\n\t\t<\/div>\n\t\t\t\t<\/div>\n\t\t\t\t<\/div>\n\t\t\t\t\t<\/div>\n\t\t<\/div>\n\t\t\t\t\t\t\t<\/div>\n\t\t<\/section>\n\t\t\t\t<section class=\"elementor-section elementor-top-section elementor-element elementor-element-838baa6 elementor-section-boxed elementor-section-height-default elementor-section-height-default\" data-id=\"838baa6\" data-element_type=\"section\" data-settings=\"{&quot;background_background&quot;:&quot;gradient&quot;}\">\n\t\t\t\t\t\t<div class=\"elementor-container elementor-column-gap-default\">\n\t\t\t\t\t<div class=\"elementor-column elementor-col-50 elementor-top-column elementor-element elementor-element-98b213f\" data-id=\"98b213f\" data-element_type=\"column\" data-settings=\"{&quot;background_background&quot;:&quot;classic&quot;}\">\n\t\t\t<div class=\"elementor-widget-wrap elementor-element-populated\">\n\t\t\t\t\t\t\t\t<div class=\"elementor-element elementor-element-3533a80 elementor-absolute elementor-widget elementor-widget-image\" data-id=\"3533a80\" data-element_type=\"widget\" data-settings=\"{&quot;_position&quot;:&quot;absolute&quot;}\" data-widget_type=\"image.default\">\n\t\t\t\t<div class=\"elementor-widget-container\">\n\t\t\t<style>\/*! elementor - v3.7.0 - 08-08-2022 *\/\n.elementor-widget-image{text-align:center}.elementor-widget-image a{display:inline-block}.elementor-widget-image a img[src$=\".svg\"]{width:48px}.elementor-widget-image img{vertical-align:middle;display:inline-block}<\/style>\t\t\t\t\t\t\t\t\t\t\t\t<img src=\"https:\/\/pequenoprincipe.org.br\/relatorioweb2021\/wp-content\/uploads\/elementor\/thumbs\/diretoria_ilustra_abertura-psagasqxn1x6b44rudj9q59xvmbq5cz407kskq7kes.png\" title=\"diretoria_ilustra_abertura\" alt=\"diretoria_ilustra_abertura\" \/>\t\t\t\t\t\t\t\t\t\t\t\t\t\t\t<\/div>\n\t\t\t\t<\/div>\n\t\t\t\t<div class=\"elementor-element elementor-element-162f3d3 elementor-widget elementor-widget-spacer\" data-id=\"162f3d3\" data-element_type=\"widget\" data-widget_type=\"spacer.default\">\n\t\t\t\t<div class=\"elementor-widget-container\">\n\t\t\t\t\t<div class=\"elementor-spacer\">\n\t\t\t<div class=\"elementor-spacer-inner\"><\/div>\n\t\t<\/div>\n\t\t\t\t<\/div>\n\t\t\t\t<\/div>\n\t\t\t\t\t<\/div>\n\t\t<\/div>\n\t\t\t\t<div class=\"elementor-column elementor-col-50 elementor-top-column elementor-element elementor-element-54fd96d elementor-hidden-mobile\" data-id=\"54fd96d\" data-element_type=\"column\">\n\t\t\t<div class=\"elementor-widget-wrap elementor-element-populated\">\n\t\t\t\t\t\t\t\t<div class=\"elementor-element elementor-element-c0a30a2 elementor-widget elementor-widget-spacer\" data-id=\"c0a30a2\" data-element_type=\"widget\" data-widget_type=\"spacer.default\">\n\t\t\t\t<div class=\"elementor-widget-container\">\n\t\t\t\t\t<div class=\"elementor-spacer\">\n\t\t\t<div class=\"elementor-spacer-inner\"><\/div>\n\t\t<\/div>\n\t\t\t\t<\/div>\n\t\t\t\t<\/div>\n\t\t\t\t\t<\/div>\n\t\t<\/div>\n\t\t\t\t\t\t\t<\/div>\n\t\t<\/section>\n\t\t\t\t<section class=\"elementor-section elementor-top-section elementor-element elementor-element-a8db716 elementor-section-boxed elementor-section-height-default elementor-section-height-default\" data-id=\"a8db716\" data-element_type=\"section\" data-settings=\"{&quot;background_background&quot;:&quot;gradient&quot;}\">\n\t\t\t\t\t\t<div class=\"elementor-container elementor-column-gap-default\">\n\t\t\t\t\t<div class=\"elementor-column elementor-col-50 elementor-top-column elementor-element elementor-element-d985379\" data-id=\"d985379\" data-element_type=\"column\" data-settings=\"{&quot;background_background&quot;:&quot;classic&quot;}\">\n\t\t\t<div class=\"elementor-widget-wrap elementor-element-populated\">\n\t\t\t\t\t\t\t\t<div class=\"elementor-element elementor-element-385247c elementor-widget elementor-widget-spacer\" data-id=\"385247c\" data-element_type=\"widget\" data-widget_type=\"spacer.default\">\n\t\t\t\t<div class=\"elementor-widget-container\">\n\t\t\t\t\t<div class=\"elementor-spacer\">\n\t\t\t<div class=\"elementor-spacer-inner\"><\/div>\n\t\t<\/div>\n\t\t\t\t<\/div>\n\t\t\t\t<\/div>\n\t\t\t\t<div class=\"elementor-element elementor-element-0946504 elementor-widget elementor-widget-heading\" data-id=\"0946504\" data-element_type=\"widget\" data-settings=\"{&quot;_animation&quot;:&quot;none&quot;}\" data-widget_type=\"heading.default\">\n\t\t\t\t<div class=\"elementor-widget-container\">\n\t\t\t<style>\/*! elementor - v3.7.0 - 08-08-2022 *\/\n.elementor-heading-title{padding:0;margin:0;line-height:1}.elementor-widget-heading .elementor-heading-title[class*=elementor-size-]>a{color:inherit;font-size:inherit;line-height:inherit}.elementor-widget-heading .elementor-heading-title.elementor-size-small{font-size:15px}.elementor-widget-heading .elementor-heading-title.elementor-size-medium{font-size:19px}.elementor-widget-heading .elementor-heading-title.elementor-size-large{font-size:29px}.elementor-widget-heading .elementor-heading-title.elementor-size-xl{font-size:39px}.elementor-widget-heading .elementor-heading-title.elementor-size-xxl{font-size:59px}<\/style><h2 class=\"elementor-heading-title elementor-size-xxl\">Diretorias<\/h2>\t\t<\/div>\n\t\t\t\t<\/div>\n\t\t\t\t<div class=\"elementor-element elementor-element-6b81d3b elementor-widget elementor-widget-text-editor\" data-id=\"6b81d3b\" data-element_type=\"widget\" data-widget_type=\"text-editor.default\">\n\t\t\t\t<div class=\"elementor-widget-container\">\n\t\t\t<style>\/*! elementor - v3.7.0 - 08-08-2022 *\/\n.elementor-widget-text-editor.elementor-drop-cap-view-stacked .elementor-drop-cap{background-color:#818a91;color:#fff}.elementor-widget-text-editor.elementor-drop-cap-view-framed .elementor-drop-cap{color:#818a91;border:3px solid;background-color:transparent}.elementor-widget-text-editor:not(.elementor-drop-cap-view-default) .elementor-drop-cap{margin-top:8px}.elementor-widget-text-editor:not(.elementor-drop-cap-view-default) .elementor-drop-cap-letter{width:1em;height:1em}.elementor-widget-text-editor .elementor-drop-cap{float:left;text-align:center;line-height:1;font-size:50px}.elementor-widget-text-editor .elementor-drop-cap-letter{display:inline-block}<\/style>\t\t\t\t<h5><strong>CONSELHO SUPERIOR DA MANTENEDORA DA ASSOCIA\u00c7\u00c3O HOSPITALAR DE PROTE\u00c7\u00c3O \u00c0 INF\u00c2NCIA DR. RAUL CARNEIRO <\/strong><\/h5><p><strong>Presidente:<\/strong> Ety da Concei\u00e7\u00e3o Gon\u00e7alves Forte<\/p><p><strong>Vice-Presidente:<\/strong> Breno Trautwein Jr<\/p><p><strong>Primeiro-Tesoureiro:<\/strong> H\u00e9lio Julio Marchi<\/p><p><strong>Segundo-Tesoureiro:<\/strong> Luiz Felippe Rodrigues Siqueira Junior<\/p><p><strong>Primeira-Secret\u00e1ria:<\/strong> Vera Regina Maranh\u00e3o Trevisan<\/p><p><strong>Segunda-Secret\u00e1ria:<\/strong> Val\u00e9ria Aparecida Marques Teixeira<\/p><p><strong>Secret\u00e1rio-Geral:<\/strong> Jos\u00e9 \u00c1lvaro da Silva Carneiro<\/p><h5><strong><br \/>COMPLEXO PEQUENO PR\u00cdNCIPE <\/strong><\/h5><p><strong>Diretor-Corporativo:<\/strong> Jos\u00e9 \u00c1lvaro da Silva Carneiro<\/p><h5><strong><br \/>HOSPITAL PEQUENO PR\u00cdNCIPE<\/strong><\/h5><p><strong>Diretora-Executiva:<\/strong> Ety Cristina Forte Carneiro<\/p><p><strong>Diretor-T\u00e9cnico:<\/strong> Donizetti Dimer Giamberardino Filho<\/p><p><strong>Vice-Diretor-T\u00e9cnico e Coordenador de Ensino e Pesquisa:<\/strong> Victor Hor\u00e1cio de Souza Costa Junior<\/p><p><strong>Vice-Diretora de Enfermagem:<\/strong> Junia Selma de Freitas<\/p><p><strong>Diretor Administrativo-Financeiro:<\/strong> Andr\u00e9 Teixeira<\/p><p><strong>Vice-Diretora de Manuten\u00e7\u00e3o e Servi\u00e7os:<\/strong> Daisy Elizabeth Jose Schwarz<\/p><h5><strong><br \/>FACULDADES PEQUENO PR\u00cdNCIPE<\/strong><\/h5><p><strong>Diretora-Geral:<\/strong> Patricia Forte Rauli<\/p><p><strong>Diretora Acad\u00eamica:<\/strong> Margareth Soares Galv\u00e3o<\/p><p><strong>Diretora Administrativo-Financeira:<\/strong> Adrianne de Castro Rauli<\/p><p><strong>Diretora de Pesquisa e P\u00f3s-Gradua\u00e7\u00e3o:<\/strong> Rosiane Guetter Mello<\/p><p><strong>Diretora de Extens\u00e3o:<\/strong> Luiza Tatiana Forte<\/p><h5><strong><br \/>INSTITUTO DE PESQUISA PEL\u00c9 PEQUENO PR\u00cdNCIPE <\/strong><\/h5><p><strong>Diretora-Geral:<\/strong> Ety Cristina Forte Carneiro<\/p><p><strong>Diretor Cient\u00edfico:<\/strong> Bonald Cavalcante de Figueiredo<\/p><p><strong>Diretora de Rela\u00e7\u00f5es Institucionais:<\/strong> Mara L\u00facia Cordeiro<\/p><p><strong>Diretora de Medicina Translacional:<\/strong> Carolina Cardoso de Mello Prando<\/p>\t\t\t\t\t\t<\/div>\n\t\t\t\t<\/div>\n\t\t\t\t<div class=\"elementor-element elementor-element-7bb9945 elementor-widget elementor-widget-spacer\" data-id=\"7bb9945\" data-element_type=\"widget\" data-widget_type=\"spacer.default\">\n\t\t\t\t<div class=\"elementor-widget-container\">\n\t\t\t\t\t<div class=\"elementor-spacer\">\n\t\t\t<div class=\"elementor-spacer-inner\"><\/div>\n\t\t<\/div>\n\t\t\t\t<\/div>\n\t\t\t\t<\/div>\n\t\t\t\t\t<\/div>\n\t\t<\/div>\n\t\t\t\t<div class=\"elementor-column elementor-col-50 elementor-top-column elementor-element elementor-element-ef85f0c elementor-hidden-mobile\" data-id=\"ef85f0c\" data-element_type=\"column\" data-settings=\"{&quot;background_background&quot;:&quot;classic&quot;}\">\n\t\t\t<div class=\"elementor-widget-wrap elementor-element-populated\">\n\t\t\t\t\t\t\t\t<div class=\"elementor-element elementor-element-e7991b0 elementor-widget elementor-widget-spacer\" data-id=\"e7991b0\" data-element_type=\"widget\" data-widget_type=\"spacer.default\">\n\t\t\t\t<div class=\"elementor-widget-container\">\n\t\t\t\t\t<div class=\"elementor-spacer\">\n\t\t\t<div class=\"elementor-spacer-inner\"><\/div>\n\t\t<\/div>\n\t\t\t\t<\/div>\n\t\t\t\t<\/div>\n\t\t\t\t\t<\/div>\n\t\t<\/div>\n\t\t\t\t\t\t\t<\/div>\n\t\t<\/section>\n\t\t\t\t<section class=\"elementor-section elementor-top-section elementor-element elementor-element-abaf793 elementor-section-boxed elementor-section-height-default elementor-section-height-default\" data-id=\"abaf793\" data-element_type=\"section\" data-settings=\"{&quot;background_background&quot;:&quot;gradient&quot;}\">\n\t\t\t\t\t\t<div class=\"elementor-container elementor-column-gap-default\">\n\t\t\t\t\t<div class=\"elementor-column elementor-col-50 elementor-top-column elementor-element elementor-element-fe19162\" data-id=\"fe19162\" data-element_type=\"column\" data-settings=\"{&quot;background_background&quot;:&quot;classic&quot;}\">\n\t\t\t<div class=\"elementor-widget-wrap elementor-element-populated\">\n\t\t\t\t\t\t\t\t<div class=\"elementor-element elementor-element-6019843 elementor-widget elementor-widget-heading\" data-id=\"6019843\" data-element_type=\"widget\" data-settings=\"{&quot;_animation&quot;:&quot;none&quot;}\" data-widget_type=\"heading.default\">\n\t\t\t\t<div class=\"elementor-widget-container\">\n\t\t\t<h2 class=\"elementor-heading-title elementor-size-xxl\">Expediente<\/h2>\t\t<\/div>\n\t\t\t\t<\/div>\n\t\t\t\t<div class=\"elementor-element elementor-element-f449f22 elementor-widget elementor-widget-text-editor\" data-id=\"f449f22\" data-element_type=\"widget\" data-widget_type=\"text-editor.default\">\n\t\t\t\t<div class=\"elementor-widget-container\">\n\t\t\t\t\t\t\t<p><strong>Coordena\u00e7\u00e3o-Geral:<\/strong> Ety Cristina Forte Carneiro<\/p><p><strong>Coordena\u00e7\u00e3o Editorial:<\/strong> Denise Angelo<\/p><p><strong>Reda\u00e7\u00e3o e Edi\u00e7\u00e3o:<\/strong> PrimaPagina (Vitor Pamplona e Ricardo Meirelles)<\/p><p><strong>Revis\u00e3o:<\/strong> Douglas de Andrade Furiatti e Patr\u00edcia Reichert Ignacio<\/p><p><strong>Tradu\u00e7\u00e3o:<\/strong> Ivan Santos<\/p><p><strong>Projeto Gr\u00e1fico:<\/strong> Lumen Design<\/p><p><strong>Fotos: <\/strong>Ana Carolina Girardi, Aniela Almeida, Camila Mendes, Daniela Costenaro, Giovanna Dal Santo, Kathleen Varela, Marieli Prestes, Thiana July Perusso, Wynitow Butenas e acervo do Hospital Pequeno Pr\u00edncipe e da Faculdades Pequeno Pr\u00edncipe<\/p><p><br \/>A elabora\u00e7\u00e3o do <strong>Relat\u00f3rio de Atividades 2021<\/strong> contou com a colabora\u00e7\u00e3o de profissionais das mais diversas \u00e1reas do Complexo Pequeno Pr\u00edncipe, de fam\u00edlias e de pacientes atendidos pela institui\u00e7\u00e3o, entre outros. Agradecemos a todos pelas contribui\u00e7\u00f5es.<\/p>\t\t\t\t\t\t<\/div>\n\t\t\t\t<\/div>\n\t\t\t\t<div class=\"elementor-element elementor-element-1c54291 elementor-widget elementor-widget-spacer\" data-id=\"1c54291\" data-element_type=\"widget\" data-widget_type=\"spacer.default\">\n\t\t\t\t<div class=\"elementor-widget-container\">\n\t\t\t\t\t<div class=\"elementor-spacer\">\n\t\t\t<div class=\"elementor-spacer-inner\"><\/div>\n\t\t<\/div>\n\t\t\t\t<\/div>\n\t\t\t\t<\/div>\n\t\t\t\t\t<\/div>\n\t\t<\/div>\n\t\t\t\t<div class=\"elementor-column elementor-col-50 elementor-top-column elementor-element elementor-element-91b426f elementor-hidden-mobile\" data-id=\"91b426f\" data-element_type=\"column\" data-settings=\"{&quot;background_background&quot;:&quot;classic&quot;}\">\n\t\t\t<div class=\"elementor-widget-wrap elementor-element-populated\">\n\t\t\t\t\t\t\t\t<div class=\"elementor-element elementor-element-f7af1cf elementor-widget elementor-widget-spacer\" data-id=\"f7af1cf\" data-element_type=\"widget\" data-widget_type=\"spacer.default\">\n\t\t\t\t<div class=\"elementor-widget-container\">\n\t\t\t\t\t<div class=\"elementor-spacer\">\n\t\t\t<div class=\"elementor-spacer-inner\"><\/div>\n\t\t<\/div>\n\t\t\t\t<\/div>\n\t\t\t\t<\/div>\n\t\t\t\t\t<\/div>\n\t\t<\/div>\n\t\t\t\t\t\t\t<\/div>\n\t\t<\/section>\n\t\t\t\t<section class=\"elementor-section elementor-top-section elementor-element elementor-element-d936eb7 elementor-section-boxed elementor-section-height-default elementor-section-height-default\" data-id=\"d936eb7\" data-element_type=\"section\" data-settings=\"{&quot;background_background&quot;:&quot;classic&quot;}\">\n\t\t\t\t\t\t<div class=\"elementor-container elementor-column-gap-default\">\n\t\t\t\t\t<div class=\"elementor-column elementor-col-100 elementor-top-column elementor-element elementor-element-58cd7df\" data-id=\"58cd7df\" data-element_type=\"column\">\n\t\t\t<div class=\"elementor-widget-wrap elementor-element-populated\">\n\t\t\t\t\t\t\t\t<div class=\"elementor-element elementor-element-56d711e elementor-widget elementor-widget-spacer\" data-id=\"56d711e\" data-element_type=\"widget\" data-widget_type=\"spacer.default\">\n\t\t\t\t<div class=\"elementor-widget-container\">\n\t\t\t\t\t<div class=\"elementor-spacer\">\n\t\t\t<div class=\"elementor-spacer-inner\"><\/div>\n\t\t<\/div>\n\t\t\t\t<\/div>\n\t\t\t\t<\/div>\n\t\t\t\t\t<\/div>\n\t\t<\/div>\n\t\t\t\t\t\t\t<\/div>\n\t\t<\/section>\n\t\t\t\t\t\t\t<\/div>\n\t\t","protected":false},"excerpt":{"rendered":"<p>Diretorias CONSELHO SUPERIOR DA MANTENEDORA DA ASSOCIA\u00c7\u00c3O HOSPITALAR DE PROTE\u00c7\u00c3O \u00c0 INF\u00c2NCIA DR. RAUL CARNEIRO Presidente: Ety da Concei\u00e7\u00e3o Gon\u00e7alves Forte Vice-Presidente: Breno Trautwein Jr Primeiro-Tesoureiro: H\u00e9lio Julio Marchi Segundo-Tesoureiro: Luiz Felippe Rodrigues Siqueira Junior Primeira-Secret\u00e1ria: Vera Regina Maranh\u00e3o Trevisan Segunda-Secret\u00e1ria: Val\u00e9ria Aparecida Marques Teixeira Secret\u00e1rio-Geral: Jos\u00e9 \u00c1lvaro da Silva Carneiro COMPLEXO PEQUENO PR\u00cdNCIPE Diretor-Corporativo: [&hellip;]<\/p>\n","protected":false},"author":1,"featured_media":0,"parent":0,"menu_order":0,"comment_status":"closed","ping_status":"closed","template":"","meta":[],"_links":{"self":[{"href":"https:\/\/pequenoprincipe.org.br\/relatorioweb2021\/wp-json\/wp\/v2\/pages\/1912"}],"collection":[{"href":"https:\/\/pequenoprincipe.org.br\/relatorioweb2021\/wp-json\/wp\/v2\/pages"}],"about":[{"href":"https:\/\/pequenoprincipe.org.br\/relatorioweb2021\/wp-json\/wp\/v2\/types\/page"}],"author":[{"embeddable":true,"href":"https:\/\/pequenoprincipe.org.br\/relatorioweb2021\/wp-json\/wp\/v2\/users\/1"}],"replies":[{"embeddable":true,"href":"https:\/\/pequenoprincipe.org.br\/relatorioweb2021\/wp-json\/wp\/v2\/comments?post=1912"}],"version-history":[{"count":52,"href":"https:\/\/pequenoprincipe.org.br\/relatorioweb2021\/wp-json\/wp\/v2\/pages\/1912\/revisions"}],"predecessor-version":[{"id":3527,"href":"https:\/\/pequenoprincipe.org.br\/relatorioweb2021\/wp-json\/wp\/v2\/pages\/1912\/revisions\/3527"}],"wp:attachment":[{"href":"https:\/\/pequenoprincipe.org.br\/relatorioweb2021\/wp-json\/wp\/v2\/media?parent=1912"}],"curies":[{"name":"wp","href":"https:\/\/api.w.org\/{rel}","templated":true}]}}