{"id":207,"date":"2021-06-21T17:13:09","date_gmt":"2021-06-21T20:13:09","guid":{"rendered":"http:\/\/hpp2020.lumendesign.com.br\/?page_id=207"},"modified":"2021-07-27T11:37:04","modified_gmt":"2021-07-27T14:37:04","slug":"capitulo-1-mensagem-da-presidencia","status":"publish","type":"page","link":"https:\/\/pequenoprincipe.org.br\/relatorioweb2020\/capitulo-1-mensagem-da-presidencia\/","title":{"rendered":"Capitulo 1 &#8211; Mensagem da Presid\u00eancia"},"content":{"rendered":"[vc_row type=&#8221;full_width_background&#8221; full_screen_row_position=&#8221;middle&#8221; column_margin=&#8221;default&#8221; column_direction=&#8221;default&#8221; column_direction_tablet=&#8221;default&#8221; column_direction_phone=&#8221;default&#8221; bg_color=&#8221;#ffc61e&#8221; bg_image=&#8221;211&#8243; bg_position=&#8221;right bottom&#8221; background_image_loading=&#8221;default&#8221; bg_repeat=&#8221;no-repeat&#8221; scene_position=&#8221;center&#8221; bottom_padding=&#8221;50&#8243; bottom_padding_tablet=&#8221;250&#8243; bottom_padding_phone=&#8221;400&#8243; text_color=&#8221;custom&#8221; custom_text_color=&#8221;#000000&#8243; text_align=&#8221;left&#8221; row_border_radius=&#8221;none&#8221; row_border_radius_applies=&#8221;bg&#8221; row_name=&#8221;Juntos somos mais fortes&#8221; overlay_strength=&#8221;0.3&#8243; gradient_direction=&#8221;left_to_right&#8221; shape_divider_position=&#8221;bottom&#8221; bg_image_animation=&#8221;none&#8221; shape_type=&#8221;&#8221;][vc_column column_padding=&#8221;no-extra-padding&#8221; column_padding_tablet=&#8221;inherit&#8221; column_padding_phone=&#8221;inherit&#8221; column_padding_position=&#8221;all&#8221; column_element_spacing=&#8221;default&#8221; background_color_opacity=&#8221;1&#8243; background_hover_color_opacity=&#8221;1&#8243; column_shadow=&#8221;none&#8221; column_border_radius=&#8221;none&#8221; column_link_target=&#8221;_self&#8221; gradient_direction=&#8221;left_to_right&#8221; overlay_strength=&#8221;0.3&#8243; width=&#8221;1\/6&#8243; tablet_width_inherit=&#8221;default&#8221; tablet_text_alignment=&#8221;default&#8221; phone_text_alignment=&#8221;default&#8221; bg_image_animation=&#8221;none&#8221; border_type=&#8221;simple&#8221; column_border_width=&#8221;none&#8221; column_border_style=&#8221;solid&#8221;][\/vc_column][vc_column column_padding=&#8221;padding-5-percent&#8221; column_padding_tablet=&#8221;inherit&#8221; column_padding_phone=&#8221;inherit&#8221; column_padding_position=&#8221;all&#8221; top_margin=&#8221;50&#8243; constrain_group_1=&#8221;yes&#8221; bottom_margin=&#8221;50&#8243; constrain_group_2=&#8221;yes&#8221; column_element_spacing=&#8221;default&#8221; background_color_opacity=&#8221;1&#8243; background_hover_color_opacity=&#8221;1&#8243; column_shadow=&#8221;none&#8221; column_border_radius=&#8221;none&#8221; column_link_target=&#8221;_self&#8221; gradient_direction=&#8221;left_to_right&#8221; overlay_strength=&#8221;0.3&#8243; width=&#8221;2\/3&#8243; tablet_width_inherit=&#8221;default&#8221; tablet_text_alignment=&#8221;default&#8221; phone_text_alignment=&#8221;default&#8221; bg_image_animation=&#8221;none&#8221; enable_animation=&#8221;true&#8221; animation=&#8221;fade-in&#8221; border_type=&#8221;simple&#8221; column_border_width=&#8221;none&#8221; column_border_style=&#8221;solid&#8221;][nectar_animated_title heading_tag=&#8221;h1&#8243; style=&#8221;color-strip-reveal&#8221; color=&#8221;Accent-Color&#8221; text=&#8221;Mensagem da Presid\u00eancia&#8221;][vc_column_text]\n<blockquote>\n<p style=\"text-align: left;\"><em><strong>Lembraremos de 2020<\/strong><\/em><br \/>\n<em><strong>como um ano que<\/strong><\/em><br \/>\n<em><strong>mudou a hist\u00f3ria.<\/strong><\/em><\/p>\n<\/blockquote>\n[\/vc_column_text][vc_column_text]2020&#8230; tempos dif\u00edceis! Ano de pandemia, de perdas, de medos, de afli\u00e7\u00f5es. Ano de mortes que poderiam ser poupadas. Beb\u00eas nascendo e fazendo anivers\u00e1rio sem contato com outras pessoas. Pais e m\u00e3es preocupados com a sobreviv\u00eancia. Filhos sem compreender muito esse mist\u00e9rio. Crian\u00e7as e jovens em orfandade. Uma gera\u00e7\u00e3o marcada pela dor. Uma experi\u00eancia mundial de transforma\u00e7\u00e3o, de dolorida transforma\u00e7\u00e3o.<\/p>\n<p>E, no meio disso tudo, o Hospital Pequeno Pr\u00edncipe continuou seu trabalho com muita responsabilidade e consci\u00eancia. Preparou-se para dar a melhor assist\u00eancia aos pacientes com suspeita ou confirma\u00e7\u00e3o de COVID-19. N\u00e3o parou de cuidar das crian\u00e7as com outras doen\u00e7as. Manteve as atividades atendendo as regras sanit\u00e1rias. Criou um ambiente protegido para todos.<\/p>\n<p>Foi um ano de muito esfor\u00e7o dos profissionais de sa\u00fade, muito desgaste, trabalho dobrado, exposi\u00e7\u00e3o ao risco. Tamb\u00e9m de muita coragem e dedica\u00e7\u00e3o. Tudo com necessidade de muita adapta\u00e7\u00e3o, de novos protocolos, novos fluxos e o surgimento de um novo tipo de cuidado. Um jeito de cuidar mais um pouquinho, j\u00e1 assimilado e incorporado.<\/p>\n<p>E, nesse contexto, o Hospital nunca deixou faltar: gerenciou as aus\u00eancias, cobriu as escalas, ofertou exames de COVID-19 para quem precisou, promoveu os afastamentos de pessoal necess\u00e1rios, distribuiu generosamente EPIs (os equipamentos de prote\u00e7\u00e3o individual). Tamb\u00e9m apoiou, orientou, acolheu as preocupa\u00e7\u00f5es, os medos, os desconfortos. Enfim, esteve sempre presente, cuidando de quem cuida de toda gente.<\/p>\n<p>Podemos dizer que neste ano o Hospital aprendeu muito r\u00e1pido, mudou muito r\u00e1pido e superou as dificuldades muito r\u00e1pido. \u00c9 certo que contou com colaboradores guerreiros e tamb\u00e9m com muitos apoiadores, investidores, incentivadores e grandes parceiros.<\/p>\n<p>Toda crise se apresenta sempre com duas faces: uma da dificuldade e outra da oportunidade. Essa n\u00e3o foi diferente. A pandemia nos provocou, mas tamb\u00e9m nos impulsionou. N\u00e3o somos mais o mesmo hospital, tamb\u00e9m n\u00e3o somos mais as mesmas pessoas. Acredito que somos melhores.<\/p>\n<p>Lembraremos de 2020 como um ano que mudou a hist\u00f3ria. Criou um cap\u00edtulo que nunca ser\u00e1 esquecido. Principalmente, transformou a dor em supera\u00e7\u00e3o, a luta pela vida em quase obstina\u00e7\u00e3o, revelou com clareza o valor da vida como nosso grande tesouro, e o cuidado com o outro, cada vez mais nossa miss\u00e3o.<\/p>\n<p>Aos que nos ajudaram a enfrentar este momento dif\u00edcil, nosso respeito e nossa gratid\u00e3o.<\/p>\n<p>Com for\u00e7a e coragem seguiremos juntos, em favor das necess\u00e1rias transforma\u00e7\u00f5es!<\/p>\n<h4>Ety da Concei\u00e7\u00e3o Gon\u00e7alves Forte<\/h4>\n<p>Presidente da Associa\u00e7\u00e3o Hospitalar de<br \/>\nProte\u00e7\u00e3o \u00e0 Inf\u00e2ncia Dr. Raul Carneiro[\/vc_column_text][\/vc_column][vc_column column_padding=&#8221;no-extra-padding&#8221; column_padding_tablet=&#8221;inherit&#8221; column_padding_phone=&#8221;inherit&#8221; column_padding_position=&#8221;all&#8221; column_element_spacing=&#8221;default&#8221; background_color_opacity=&#8221;1&#8243; background_hover_color_opacity=&#8221;1&#8243; column_shadow=&#8221;none&#8221; column_border_radius=&#8221;none&#8221; column_link_target=&#8221;_self&#8221; gradient_direction=&#8221;left_to_right&#8221; overlay_strength=&#8221;0.3&#8243; width=&#8221;1\/6&#8243; tablet_width_inherit=&#8221;default&#8221; tablet_text_alignment=&#8221;default&#8221; phone_text_alignment=&#8221;default&#8221; bg_image_animation=&#8221;none&#8221; border_type=&#8221;simple&#8221; column_border_width=&#8221;none&#8221; column_border_style=&#8221;solid&#8221;][\/vc_column][\/vc_row][vc_row type=&#8221;full_width_background&#8221; full_screen_row_position=&#8221;middle&#8221; column_margin=&#8221;default&#8221; column_direction=&#8221;default&#8221; column_direction_tablet=&#8221;default&#8221; column_direction_phone=&#8221;default&#8221; bg_color=&#8221;#ffc61e&#8221; scene_position=&#8221;center&#8221; top_padding=&#8221;80&#8243; bottom_padding=&#8221;80&#8243; text_color=&#8221;dark&#8221; text_align=&#8221;left&#8221; row_border_radius=&#8221;none&#8221; row_border_radius_applies=&#8221;bg&#8221; disable_element=&#8221;yes&#8221; overlay_strength=&#8221;0.3&#8243; gradient_direction=&#8221;left_to_right&#8221; shape_divider_position=&#8221;bottom&#8221; bg_image_animation=&#8221;none&#8221; shape_type=&#8221;&#8221;][vc_column column_padding=&#8221;no-extra-padding&#8221; column_padding_tablet=&#8221;inherit&#8221; column_padding_phone=&#8221;inherit&#8221; column_padding_position=&#8221;all&#8221; column_element_spacing=&#8221;default&#8221; background_color_opacity=&#8221;1&#8243; background_hover_color_opacity=&#8221;1&#8243; column_shadow=&#8221;none&#8221; column_border_radius=&#8221;none&#8221; column_link_target=&#8221;_self&#8221; gradient_direction=&#8221;left_to_right&#8221; overlay_strength=&#8221;0.3&#8243; width=&#8221;1\/6&#8243; tablet_width_inherit=&#8221;default&#8221; tablet_text_alignment=&#8221;default&#8221; phone_text_alignment=&#8221;default&#8221; bg_image_animation=&#8221;none&#8221; border_type=&#8221;simple&#8221; column_border_width=&#8221;none&#8221; column_border_style=&#8221;solid&#8221;][\/vc_column][vc_column column_padding=&#8221;padding-5-percent&#8221; column_padding_tablet=&#8221;inherit&#8221; column_padding_phone=&#8221;inherit&#8221; column_padding_position=&#8221;all&#8221; column_element_spacing=&#8221;default&#8221; background_color=&#8221;#ffffff&#8221; background_color_opacity=&#8221;1&#8243; background_hover_color_opacity=&#8221;1&#8243; column_shadow=&#8221;none&#8221; column_border_radius=&#8221;none&#8221; column_link_target=&#8221;_self&#8221; gradient_direction=&#8221;left_to_right&#8221; overlay_strength=&#8221;0.3&#8243; width=&#8221;2\/3&#8243; tablet_width_inherit=&#8221;default&#8221; tablet_text_alignment=&#8221;default&#8221; phone_text_alignment=&#8221;default&#8221; bg_image_animation=&#8221;none&#8221; border_type=&#8221;simple&#8221; column_border_width=&#8221;none&#8221; column_border_style=&#8221;solid&#8221;][\/vc_column][vc_column column_padding=&#8221;no-extra-padding&#8221; column_padding_tablet=&#8221;inherit&#8221; column_padding_phone=&#8221;inherit&#8221; column_padding_position=&#8221;all&#8221; column_element_spacing=&#8221;default&#8221; background_color_opacity=&#8221;1&#8243; background_hover_color_opacity=&#8221;1&#8243; column_shadow=&#8221;none&#8221; column_border_radius=&#8221;none&#8221; column_link_target=&#8221;_self&#8221; gradient_direction=&#8221;left_to_right&#8221; overlay_strength=&#8221;0.3&#8243; width=&#8221;1\/6&#8243; tablet_width_inherit=&#8221;default&#8221; tablet_text_alignment=&#8221;default&#8221; phone_text_alignment=&#8221;default&#8221; bg_image_animation=&#8221;none&#8221; border_type=&#8221;simple&#8221; column_border_width=&#8221;none&#8221; column_border_style=&#8221;solid&#8221;][\/vc_column][\/vc_row]\n","protected":false},"excerpt":{"rendered":"<p>[vc_row type=&#8221;full_width_background&#8221; full_screen_row_position=&#8221;middle&#8221; column_margin=&#8221;default&#8221; column_direction=&#8221;default&#8221; column_direction_tablet=&#8221;default&#8221; column_direction_phone=&#8221;default&#8221; bg_color=&#8221;#ffc61e&#8221; bg_image=&#8221;211&#8243; bg_position=&#8221;right bottom&#8221; background_image_loading=&#8221;default&#8221; bg_repeat=&#8221;no-repeat&#8221; scene_position=&#8221;center&#8221; bottom_padding=&#8221;50&#8243; bottom_padding_tablet=&#8221;250&#8243; bottom_padding_phone=&#8221;400&#8243; text_color=&#8221;custom&#8221; custom_text_color=&#8221;#000000&#8243; text_align=&#8221;left&#8221; row_border_radius=&#8221;none&#8221; row_border_radius_applies=&#8221;bg&#8221; row_name=&#8221;Juntos somos mais fortes&#8221; overlay_strength=&#8221;0.3&#8243; gradient_direction=&#8221;left_to_right&#8221; shape_divider_position=&#8221;bottom&#8221; bg_image_animation=&#8221;none&#8221;&#8230;<\/p>\n","protected":false},"author":1,"featured_media":0,"parent":0,"menu_order":0,"comment_status":"closed","ping_status":"closed","template":"","meta":{"footnotes":""},"class_list":["post-207","page","type-page","status-publish"],"_links":{"self":[{"href":"https:\/\/pequenoprincipe.org.br\/relatorioweb2020\/wp-json\/wp\/v2\/pages\/207","targetHints":{"allow":["GET"]}}],"collection":[{"href":"https:\/\/pequenoprincipe.org.br\/relatorioweb2020\/wp-json\/wp\/v2\/pages"}],"about":[{"href":"https:\/\/pequenoprincipe.org.br\/relatorioweb2020\/wp-json\/wp\/v2\/types\/page"}],"author":[{"embeddable":true,"href":"https:\/\/pequenoprincipe.org.br\/relatorioweb2020\/wp-json\/wp\/v2\/users\/1"}],"replies":[{"embeddable":true,"href":"https:\/\/pequenoprincipe.org.br\/relatorioweb2020\/wp-json\/wp\/v2\/comments?post=207"}],"version-history":[{"count":10,"href":"https:\/\/pequenoprincipe.org.br\/relatorioweb2020\/wp-json\/wp\/v2\/pages\/207\/revisions"}],"predecessor-version":[{"id":1191,"href":"https:\/\/pequenoprincipe.org.br\/relatorioweb2020\/wp-json\/wp\/v2\/pages\/207\/revisions\/1191"}],"wp:attachment":[{"href":"https:\/\/pequenoprincipe.org.br\/relatorioweb2020\/wp-json\/wp\/v2\/media?parent=207"}],"curies":[{"name":"wp","href":"https:\/\/api.w.org\/{rel}","templated":true}]}}